{"id":1276,"date":"2019-01-20T09:06:24","date_gmt":"2019-01-20T09:06:24","guid":{"rendered":"https:\/\/venor.lucianionut.com\/?page_id=1276"},"modified":"2025-01-22T18:57:57","modified_gmt":"2025-01-22T18:57:57","slug":"compliance","status":"publish","type":"page","link":"https:\/\/silverimmigration.com\/fr\/compliance\/","title":{"rendered":"Conformit\u00e9"},"content":{"rendered":"<div class=\"wpb-content-wrapper\"><div class=\"vc_row wpb_row vc_row-fluid vc_custom_1693502080451\"><div class=\"wpb_column vc_column_container vc_col-sm-8\"><div class=\"vc_column-inner vc_custom_1692804196445\"><div class=\"wpb_wrapper\"><div class=\"title-subtile-holder text-left\"><h6 class=\"section-title  dark_title\">Conformit\u00e9<\/h6><h2 class=\"section-subtitle  dark_subtitle\">Formulaire I-9<\/h2><p class=\"section-description  dark_description\"><\/p><\/div>\n\t<div class=\"wpb_text_column wpb_content_element\" >\n\t\t<div class=\"wpb_wrapper\">\n\t\t\t<p>La loi de 1986 sur la r\u00e9forme et le contr\u00f4le de l&#039;immigration visait \u00e0 d\u00e9courager l&#039;immigration ill\u00e9gale aux \u00c9tats-Unis en introduisant le formulaire I-9. Les employeurs doivent remplir ce formulaire pour v\u00e9rifier l&#039;identit\u00e9 et l&#039;autorisation d&#039;emploi de tous les nouveaux employ\u00e9s, qu&#039;ils soient citoyens am\u00e9ricains ou non. <a href=\"https:\/\/www.uscis.gov\/i-9\">La version la plus r\u00e9cente du formulaire I-9<\/a>Une fois le formulaire t\u00e9l\u00e9charg\u00e9, vous remarquerez un bouton \u00ab\u00a0Instructions\u00a0\u00bb en haut \u00e0 gauche. En cliquant dessus, vous acc\u00e9derez aux instructions officielles de l&#039;USCIS pour remplir le formulaire. Consultez ce document pour toute question concernant le remplissage du formulaire. Chaque case du formulaire comporte \u00e9galement un \u00ab\u00a0?\u00a0\u00bb qui, en cliquant dessus, vous fournira \u00e9galement des instructions. Si ces instructions ne r\u00e9pondent pas \u00e0 votre question, contactez un avocat sp\u00e9cialis\u00e9 en immigration afin de vous assurer de votre conformit\u00e9.<\/p>\n\n\t\t<\/div>\n\t<\/div>\n<div class=\"vc_empty_space\"   style=\"height: 45px\"><span class=\"vc_empty_space_inner\"><\/span><\/div><div class=\"vc_tta-container\" data-vc-action=\"collapse\"><div class=\"vc_general vc_tta vc_tta-accordion vc_tta-color-white vc_tta-style-modern vc_tta-shape-square vc_tta-o-shape-group vc_tta-controls-align-default  accordion-services wpb_animate_when_almost_visible wpb_fadeInUp fadeInUp\"><div class=\"vc_tta-panels-container\"><div class=\"vc_tta-panels\"><div class=\"vc_tta-panel vc_active\" id=\"Started-Businessf2c2-faee\" data-vc-content=\".vc_tta-panel-body\"><div class=\"vc_tta-panel-heading\"><h4 class=\"vc_tta-panel-title vc_tta-controls-icon-position-left\"><a href=\"#Started-Businessf2c2-faee\" data-vc-accordion data-vc-container=\".vc_tta-container\"><span class=\"vc_tta-title-text\">Employ\u00e9s<\/span><i class=\"vc_tta-controls-icon vc_tta-controls-icon-chevron\"><\/i><\/a><\/h4><\/div><div class=\"vc_tta-panel-body\">\n\t<div class=\"wpb_text_column wpb_content_element\" >\n\t\t<div class=\"wpb_wrapper\">\n\t\t\t<p>L'employ\u00e9 remplit la section 1 du Formulaire I-9 et, dans les trois jours ouvrables suivant le d\u00e9but de l'emploi, il doit pr\u00e9senter \u00e0 l'employeur une documentation \u00e9tablissant son identit\u00e9 et son autorisation de travail.<\/p>\n<p class=\"translation-block\">Les Canadiens qui entrent aux \u00c9tats-Unis pour travailler avec un visa fourniront g\u00e9n\u00e9ralement leur document I-94 et leur passeport canadien pour \u00e9tablir leur identit\u00e9 et leur autorisation d\u2019emploi. La plupart des ports d\u2019entr\u00e9e ne d\u00e9livrent plus le document I-94 en format papier car le processus est de plus en plus automatis\u00e9. Pour obtenir une copie de votre I-94, vous pouvez vous rendre au lien suivant https:\/\/i94.cbp.dhs.gov\/I94\/#\/home; cliquez sur \"RECEVEZ LE PLUS R\u00c9CENT I-94\"; et fournissez votre nom, votre date de naissance et vos informations de passeport.<\/p>\n\n\t\t<\/div>\n\t<\/div>\n<div class=\"vc_empty_space\"   style=\"height: 35px\"><span class=\"vc_empty_space_inner\"><\/span><\/div><\/div><\/div><div class=\"vc_tta-panel\" id=\"best-startupf2c2-faee\" data-vc-content=\".vc_tta-panel-body\"><div class=\"vc_tta-panel-heading\"><h4 class=\"vc_tta-panel-title vc_tta-controls-icon-position-left\"><a href=\"#best-startupf2c2-faee\" data-vc-accordion data-vc-container=\".vc_tta-container\"><span class=\"vc_tta-title-text\">Employeurs<\/span><i class=\"vc_tta-controls-icon vc_tta-controls-icon-chevron\"><\/i><\/a><\/h4><\/div><div class=\"vc_tta-panel-body\">\n\t<div class=\"wpb_text_column wpb_content_element\" >\n\t\t<div class=\"wpb_wrapper\">\n\t\t\t<p>Les employeurs remplissent les sections 2 et 3 du Formulaire I-9 et doivent le faire dans les trois jours ouvrables suivant le premier jour de travail de l'employ\u00e9. Les employeurs doivent \u00e9galement veiller \u00e0 ce que l'employ\u00e9 ait acc\u00e8s au formulaire et \u00e0 la liste des documents acceptables.<\/p>\n<p>Les employeurs doivent avoir un document I-9 au dossier de tous les employ\u00e9s actuels et doivent conserver tous les Formulaires I-9 \u00e0 la date ult\u00e9rieure de soit: 1) 3 ans apr\u00e8s la date d'embauche ou 2) 1 an apr\u00e8s la date \u00e0 laquelle l'emploi a \u00e9t\u00e9 r\u00e9sili\u00e9. Lorsque l'autorisation de travail d'un employ\u00e9 expire, l'employeur doit rev\u00e9rifier que l'employ\u00e9 est toujours autoris\u00e9 \u00e0 travailler.<\/p>\n<p>Apr\u00e8s avoir rempli le formulaire I-9, les employeurs peuvent ensuite utiliser le programme E-Verify pour s'assurer de l'admissibilit\u00e9 de l'employ\u00e9 \u00e0 travailler aux \u00c9tats-Unis. E-Verify est un syst\u00e8me Web r\u00e9f\u00e9ren\u00e7ant les informations sur l'I-9 avec des enregistrements disponibles pour: l\u2019Administration de la S\u00e9curit\u00e9 Sociale et le D\u00e9partement de la S\u00e9curit\u00e9 Int\u00e9rieure. En r\u00e8gle g\u00e9n\u00e9rale, le programme E-Verify est volontaire et les employeurs qui souhaitent s\u2019inscrire peuvent le faire \u00e0 l\u2019adresse\u00a0<a href=\"http:\/\/uscis.gov\/E-Verify\">uscis.gov\/E-Verify.<\/a><\/p>\n\n\t\t<\/div>\n\t<\/div>\n<div class=\"vc_empty_space\"   style=\"height: 35px\"><span class=\"vc_empty_space_inner\"><\/span><\/div><\/div><\/div><\/div><\/div><\/div><\/div><\/div><\/div><\/div><div class=\"right-sidebar-menu-page wpb_column vc_column_container vc_col-sm-4\"><div class=\"vc_column-inner\"><div class=\"wpb_wrapper\"><div  class=\"vc_wp_custommenu wpb_content_element sidebar-menu\"><\/div><div class=\"vc_empty_space\"   style=\"height: 35px\"><span class=\"vc_empty_space_inner\"><\/span><\/div><a href=\"https:\/\/www.uscis.gov\/i-9\"><style type=\"text\/css\">\n                .mt-icon-list-item.list_custom_69e216e033dab:hover i, \n                .mt-icon-list-item.list_custom_69e216e033dab i:hover {\n                    color: #014a8e !important;\n                }\n                .mt-icon-list-item.list_custom_69e216e033dab:hover {\n                \tbackground-color:#f7f7f7 !important;\n                }\n                .mt-icon-list-item.list_custom_69e216e033dab:hover .mt-icon-list-text ,\n                .mt-icon-list-item.list_custom_69e216e033dab:hover .mt-icon-list-text:hover{\n                \tcolor:#014a8e !important;\n                }\n              <\/style><div style=\"background-color:#014a8e; padding:20px 20px 20px 20px;\" \n\tclass=\"mt-icon-list-item list_custom_69e216e033dab\"><div class=\"mt-icon-list-icon-holder\">\n                  <div class=\"mt-icon-list-icon-holder-inner clearfix\"><i style=\"margin-left: px; margin-right:10px; color:#ffffff;font-size:15px\" class=\"fa fa-external-link\"><\/i><\/div>\n                <\/div>\n                <p class=\"mt-icon-list-text\" style=\"font-size: 15px; color: #ffffff\">Formulaire I-9<\/p><\/div><\/a><div class=\"vc_empty_space\"   style=\"height: 10px\"><span class=\"vc_empty_space_inner\"><\/span><\/div><a href=\"https:\/\/i94.cbp.dhs.gov\/I94\/#\/home\"><style type=\"text\/css\">\n                .mt-icon-list-item.list_custom_69e216e033e74:hover i, \n                .mt-icon-list-item.list_custom_69e216e033e74 i:hover {\n                    color: #014a8e !important;\n                }\n                .mt-icon-list-item.list_custom_69e216e033e74:hover {\n                \tbackground-color:#f7f7f7 !important;\n                }\n                .mt-icon-list-item.list_custom_69e216e033e74:hover .mt-icon-list-text ,\n                .mt-icon-list-item.list_custom_69e216e033e74:hover .mt-icon-list-text:hover{\n                \tcolor:#014a8e !important;\n                }\n              <\/style><div style=\"background-color:#014a8e; padding:20px 20px 20px 20px;\" \n\tclass=\"mt-icon-list-item list_custom_69e216e033e74\"><div class=\"mt-icon-list-icon-holder\">\n                  <div class=\"mt-icon-list-icon-holder-inner clearfix\"><i style=\"margin-left: px; margin-right:10px; color:#ffffff;font-size:15px\" class=\"fa fa-external-link\"><\/i><\/div>\n                <\/div>\n                <p class=\"mt-icon-list-text\" style=\"font-size: 15px; color: #ffffff\">I-94<\/p><\/div><\/a><div class=\"vc_empty_space\"   style=\"height: 50px\"><span class=\"vc_empty_space_inner\"><\/span><\/div><h4 style=\"font-size: 22px;color: #ffffff;text-align: left\" class=\"vc_custom_heading vc_do_custom_heading vc_custom_1556550234014\" >Laissez-nous vous aider!<\/h4><div id=\"lets-help-you-section\" class=\"vc_row wpb_row vc_inner vc_row-fluid vc_custom_1548096788892 vc_row-has-fill\"><div class=\"wpb_column vc_column_container vc_col-sm-12\"><div class=\"vc_column-inner vc_custom_1547904927772\"><div class=\"wpb_wrapper\"><div class=\"mt-icon-listgroup-item no-shadow style3\"><div class=\"mt-icon-listgroup-holder\">\n                  <div class=\"mt-icon-listgroup-icon-holder-inner\"><a ><i style=\"margin-right:15px; color:#014a8e;font-size:20px\" class=\"fa fa-phone\"><\/i><\/a><\/div>\n                <div class=\"mt-icon-listgroup-content-holder-inner-description\">\n                <div class=\"mt-icon-listgroup-content-holder-inner\">\n                  \n                  <a href=\"#\" class=\"mt-icon-listgroup-title\" style=\"font-size: 20px; color: #014a8e\">Appellez-nous<\/a><\/div><div class=\"mt-icon-listgroup-description\">\n                <p class=\"mt-icon-listgroup-text\" style=\"font-size: 15px; color: #014a8e\">1 (888) 799-4769<\/p><\/div><\/div>\n\n              <\/div><\/div><div class=\"vc_empty_space\"   style=\"height: 30px\"><span class=\"vc_empty_space_inner\"><\/span><\/div><div class=\"mt-icon-listgroup-item no-shadow style3\"><div class=\"mt-icon-listgroup-holder\">\n                  <div class=\"mt-icon-listgroup-icon-holder-inner\"><a ><i style=\"margin-right:15px; color:#014a8e;font-size:20px\" class=\"fa fa-envelope\"><\/i><\/a><\/div>\n                <div class=\"mt-icon-listgroup-content-holder-inner-description\">\n                <div class=\"mt-icon-listgroup-content-holder-inner\">\n                  \n                  <a href=\"#\" class=\"mt-icon-listgroup-title\" style=\"font-size: 20px; color: #014a8e\">Envoyez-nous un courriel<\/a><\/div><div class=\"mt-icon-listgroup-description\">\n                <p class=\"mt-icon-listgroup-text\" style=\"font-size: 15px; color: #014a8e\">info@silverimmigration.com<\/p><\/div><\/div>\n\n              <\/div><\/div><div class=\"vc_empty_space\"   style=\"height: 30px\"><span class=\"vc_empty_space_inner\"><\/span><\/div><div class=\"mt-icon-listgroup-item no-shadow style3\"><div class=\"mt-icon-listgroup-holder\">\n                  <div class=\"mt-icon-listgroup-icon-holder-inner\"><a ><i style=\"margin-right:15px; color:#014a8e;font-size:20px\" class=\"fa fa-globe\"><\/i><\/a><\/div>\n                <div class=\"mt-icon-listgroup-content-holder-inner-description\">\n                <div class=\"mt-icon-listgroup-content-holder-inner\">\n                  \n                  <a href=\"#\" class=\"mt-icon-listgroup-title\" style=\"font-size: 20px; color: #014a8e\">Addresse<\/a><\/div><div class=\"mt-icon-listgroup-description\">\n                <p class=\"mt-icon-listgroup-text\" style=\"font-size: 15px; color: #014a8e\">1800 McGill College, bureau 2710, Montr\u00e9al (QC) H3A 3J6<\/p><\/div><\/div>\n\n              <\/div><\/div><\/div><\/div><\/div><\/div><\/div><\/div><\/div><\/div><div data-vc-full-width=\"true\" data-vc-full-width-init=\"false\" class=\"vc_row wpb_row vc_row-fluid vc_custom_1556551072126 vc_row-has-fill\"><div class=\"wpb_column vc_column_container vc_col-sm-12\"><div class=\"vc_column-inner vc_custom_1544894527716\"><div class=\"wpb_wrapper\"><div class=\"vc_row wpb_row vc_inner vc_row-fluid vc_custom_1544894462530\"><div class=\"wpb_column vc_column_container vc_col-sm-8\"><div class=\"vc_column-inner vc_custom_1545085551584\"><div class=\"wpb_wrapper\"><h4 style=\"font-size: 24px;color: #ffffff;line-height: 24px;text-align: left\" class=\"vc_custom_heading vc_do_custom_heading needs-experience-consultant-heading vc_custom_1558009801910\" >Besoin d'un avocat d'immigration imm\u00e9diatement?<\/h4><\/div><\/div><\/div><div class=\"wpb_column vc_column_container vc_col-sm-4\"><div class=\"vc_column-inner vc_custom_1545085569470\"><div class=\"wpb_wrapper\"><style type=\"text\/css\">\n                .sweetthemes_button .btn_custom_69e216e035537 {\n                    background: rgba(255,255,255,0.99) !important;\n                }\n                .sweetthemes_button .btn_custom_69e216e035537:hover {                   \n                    color: rgba(255,255,255,0.99) !important;                     \n                }\n                .sweetthemes_button .btn_custom_69e216e035537:before {\n                    background: #000000 !important;\n                }\n\n              <\/style><div class=\"text-right sweetthemes_button\"><a target=\"_blank\" href=\"https:\/\/silverimmigration.com\/fr\/contact\/\" class=\"button-winona btn btn-sm btn_custom_69e216e035537\" style=\"color:#000000\">\n    Contactez-nous aujourd'hui\n        <i class=\"fa fa-chevron-right\"><\/i>\n    <\/a><\/div><\/div><\/div><\/div><\/div><div class=\"st_particles_shortcode st_particles\"><div id=\"particles-js\"><\/div><\/div><div class=\"vc_empty_space\"   style=\"height: 20px\"><span class=\"vc_empty_space_inner\"><\/span><\/div><\/div><\/div><\/div><\/div><div class=\"vc_row-full-width vc_clearfix\"><\/div>\n<\/div>","protected":false},"excerpt":{"rendered":"ComplianceForm I-9 The Immigration Reform and Control Act of 1986 aimed to deter illegal immigration in the U.S. by introducing Form I-9. Employers must complete Form I-9 to verify the identity and employment authorization of all new employees, both U.S. citizens and non-U.S. citizens. The most recent version of Form I-9. When the form is [...]","protected":false},"author":138432323,"featured_media":0,"parent":0,"menu_order":0,"comment_status":"closed","ping_status":"closed","template":"","meta":{"footnotes":""},"class_list":["post-1276","page","type-page","status-publish","hentry"],"yoast_head":"<!-- This site is optimized with the Yoast SEO Premium plugin v24.8 (Yoast SEO v27.4) - https:\/\/yoast.com\/product\/yoast-seo-premium-wordpress\/ -->\n<title>US Immigration Compliance | Silver Immigration<\/title>\n<meta name=\"description\" content=\"Understand the I-9 process: A step-by-step guide for employers and employees on completing Form I-9 to verify employment authorization.\" \/>\n<meta name=\"robots\" content=\"index, follow, max-snippet:-1, max-image-preview:large, max-video-preview:-1\" \/>\n<link rel=\"canonical\" href=\"https:\/\/silverimmigration.com\/fr\/compliance\/\" \/>\n<meta name=\"twitter:card\" content=\"summary_large_image\" \/>\n<meta name=\"twitter:title\" content=\"US Immigration Compliance | Silver Immigration\" \/>\n<meta name=\"twitter:description\" content=\"Understand the I-9 process: A step-by-step guide for employers and employees on completing Form I-9 to verify employment authorization.\" \/>\n<meta name=\"twitter:site\" content=\"@SilverImm\" \/>\n<meta name=\"twitter:label1\" content=\"Estimation du temps de lecture\" \/>\n\t<meta name=\"twitter:data1\" content=\"6 minutes\" \/>\n<script type=\"application\/ld+json\" class=\"yoast-schema-graph\">{\"@context\":\"https:\\\/\\\/schema.org\",\"@graph\":[{\"@type\":\"WebPage\",\"@id\":\"https:\\\/\\\/silverimmigration.com\\\/compliance\\\/\",\"url\":\"https:\\\/\\\/silverimmigration.com\\\/compliance\\\/\",\"name\":\"US Immigration Compliance | Silver Immigration\",\"isPartOf\":{\"@id\":\"https:\\\/\\\/silverimmigration.com\\\/en\\\/#website\"},\"datePublished\":\"2019-01-20T09:06:24+00:00\",\"dateModified\":\"2025-01-22T18:57:57+00:00\",\"description\":\"Understand the I-9 process: A step-by-step guide for employers and employees on completing Form I-9 to verify employment authorization.\",\"breadcrumb\":{\"@id\":\"https:\\\/\\\/silverimmigration.com\\\/compliance\\\/#breadcrumb\"},\"inLanguage\":\"fr-CA\",\"potentialAction\":[{\"@type\":\"ReadAction\",\"target\":[\"https:\\\/\\\/silverimmigration.com\\\/compliance\\\/\"]}]},{\"@type\":\"BreadcrumbList\",\"@id\":\"https:\\\/\\\/silverimmigration.com\\\/compliance\\\/#breadcrumb\",\"itemListElement\":[{\"@type\":\"ListItem\",\"position\":1,\"name\":\"Home\",\"item\":\"https:\\\/\\\/silverimmigration.com\\\/\"},{\"@type\":\"ListItem\",\"position\":2,\"name\":\"Compliance\"}]},{\"@type\":\"WebSite\",\"@id\":\"https:\\\/\\\/silverimmigration.com\\\/en\\\/#website\",\"url\":\"https:\\\/\\\/silverimmigration.com\\\/en\\\/\",\"name\":\"US Immigration Lawyer | Montreal &amp; Ottawa\",\"description\":\"\",\"potentialAction\":[{\"@type\":\"SearchAction\",\"target\":{\"@type\":\"EntryPoint\",\"urlTemplate\":\"https:\\\/\\\/silverimmigration.com\\\/en\\\/?s={search_term_string}\"},\"query-input\":{\"@type\":\"PropertyValueSpecification\",\"valueRequired\":true,\"valueName\":\"search_term_string\"}}],\"inLanguage\":\"fr-CA\"}]}<\/script>\n<!-- \/ Yoast SEO Premium plugin. -->","yoast_head_json":{"title":"Conformit\u00e9 aux lois sur l'immigration aux US| Silver Immigration","description":"Comprendre le processus I-9\u00a0: un guide \u00e9tape par \u00e9tape pour les employeurs et les employ\u00e9s sur la fa\u00e7on de remplir le formulaire I-9 pour v\u00e9rifier l&#039;autorisation d&#039;emploi.","robots":{"index":"index","follow":"follow","max-snippet":"max-snippet:-1","max-image-preview":"max-image-preview:large","max-video-preview":"max-video-preview:-1"},"canonical":"https:\/\/silverimmigration.com\/fr\/compliance\/","twitter_card":"summary_large_image","twitter_title":"US Immigration Compliance | Silver Immigration","twitter_description":"Understand the I-9 process: A step-by-step guide for employers and employees on completing Form I-9 to verify employment authorization.","twitter_site":"@SilverImm","twitter_misc":{"Estimation du temps de lecture":"6 minutes"},"schema":{"@context":"https:\/\/schema.org","@graph":[{"@type":"WebPage","@id":"https:\/\/silverimmigration.com\/compliance\/","url":"https:\/\/silverimmigration.com\/compliance\/","name":"Conformit\u00e9 aux lois sur l'immigration aux US| Silver Immigration","isPartOf":{"@id":"https:\/\/silverimmigration.com\/en\/#website"},"datePublished":"2019-01-20T09:06:24+00:00","dateModified":"2025-01-22T18:57:57+00:00","description":"Comprendre le processus I-9\u00a0: un guide \u00e9tape par \u00e9tape pour les employeurs et les employ\u00e9s sur la fa\u00e7on de remplir le formulaire I-9 pour v\u00e9rifier l&#039;autorisation d&#039;emploi.","breadcrumb":{"@id":"https:\/\/silverimmigration.com\/compliance\/#breadcrumb"},"inLanguage":"fr-CA","potentialAction":[{"@type":"ReadAction","target":["https:\/\/silverimmigration.com\/compliance\/"]}]},{"@type":"BreadcrumbList","@id":"https:\/\/silverimmigration.com\/compliance\/#breadcrumb","itemListElement":[{"@type":"ListItem","position":1,"name":"Home","item":"https:\/\/silverimmigration.com\/"},{"@type":"ListItem","position":2,"name":"Compliance"}]},{"@type":"WebSite","@id":"https:\/\/silverimmigration.com\/en\/#website","url":"https:\/\/silverimmigration.com\/en\/","name":"Avocat en immigration aux \u00c9tats-Unis | Montr\u00e9al et Ottawa","description":"","potentialAction":[{"@type":"SearchAction","target":{"@type":"EntryPoint","urlTemplate":"https:\/\/silverimmigration.com\/en\/?s={search_term_string}"},"query-input":{"@type":"PropertyValueSpecification","valueRequired":true,"valueName":"search_term_string"}}],"inLanguage":"fr-CA"}]}},"jetpack_likes_enabled":false,"jetpack_sharing_enabled":true,"jetpack_shortlink":"https:\/\/wp.me\/PaTZWy-kA","amp_enabled":true,"_links":{"self":[{"href":"https:\/\/silverimmigration.com\/fr\/wp-json\/wp\/v2\/pages\/1276","targetHints":{"allow":["GET"]}}],"collection":[{"href":"https:\/\/silverimmigration.com\/fr\/wp-json\/wp\/v2\/pages"}],"about":[{"href":"https:\/\/silverimmigration.com\/fr\/wp-json\/wp\/v2\/types\/page"}],"author":[{"embeddable":true,"href":"https:\/\/silverimmigration.com\/fr\/wp-json\/wp\/v2\/users\/138432323"}],"replies":[{"embeddable":true,"href":"https:\/\/silverimmigration.com\/fr\/wp-json\/wp\/v2\/comments?post=1276"}],"version-history":[{"count":36,"href":"https:\/\/silverimmigration.com\/fr\/wp-json\/wp\/v2\/pages\/1276\/revisions"}],"predecessor-version":[{"id":5099,"href":"https:\/\/silverimmigration.com\/fr\/wp-json\/wp\/v2\/pages\/1276\/revisions\/5099"}],"wp:attachment":[{"href":"https:\/\/silverimmigration.com\/fr\/wp-json\/wp\/v2\/media?parent=1276"}],"curies":[{"name":"wp","href":"https:\/\/api.w.org\/{rel}","templated":true}]}}