{"id":1449,"date":"2019-01-24T12:00:07","date_gmt":"2019-01-24T12:00:07","guid":{"rendered":"https:\/\/venor.lucianionut.com\/?page_id=1449"},"modified":"2026-04-28T16:19:12","modified_gmt":"2026-04-28T16:19:12","slug":"contact","status":"publish","type":"page","link":"https:\/\/silverimmigration.com\/fr\/contact\/","title":{"rendered":"Contactez-Nous"},"content":{"rendered":"<div class=\"wpb-content-wrapper\"><div data-vc-full-width=\"true\" data-vc-full-width-init=\"false\" class=\"vc_row wpb_row vc_row-fluid vc_custom_1716564420420 vc_row-has-fill\"><div class=\"wpb_column vc_column_container vc_col-sm-12\"><div class=\"vc_column-inner\"><div class=\"wpb_wrapper\">\n\t<div class=\"wpb_raw_code wpb_raw_html wpb_content_element\" >\n\t\t<div class=\"wpb_wrapper\">\n\t\t\t<!-- Calendly inline widget begin -->\n<div class=\"calendly-inline-widget\" data-url=\"https:\/\/calendly.com\/matthew-t1un\/phone-call\" style=\"min-width:320px;height:700px;\"><\/div>\n<script type=\"text\/javascript\" src=\"https:\/\/assets.calendly.com\/assets\/external\/widget.js\" async><\/script>\n<!-- Calendly inline widget end -->\n\t\t<\/div>\n\t<\/div>\n<div class=\"title-subtile-holder text-left\"><h6 class=\"section-title  light_title\"><\/p>\n<h1>Contactez Silver Immigration \u2013 Obtenez des conseils d&#039;experts<\/h1>\n<p><\/h6><h2 class=\"section-subtitle  light_subtitle\"><\/p>\n<h2>Consultation gratuite \u2013 Processus rapide et facile<\/h2>\n<p><\/h2><p class=\"section-description  dark_description\"><\/p><\/div>\n\t<div class=\"wpb_text_column wpb_content_element\" >\n\t\t<div class=\"wpb_wrapper\">\n\t\t\t<p>Prendre rendez-vous pour une consultation est simple et rapide. Utilisez notre calendrier en ligne pour choisir le cr\u00e9neau horaire qui vous convient. Une fois votre rendez-vous pris, appelez-nous \u00e0 l&#039;heure convenue pour un rendez-vous. <strong data-start=\"424\" data-end=\"445\">consultation gratuite<\/strong> et obtenez des r\u00e9ponses \u00e0 toutes vos questions sur l&#039;immigration.<\/p>\n<h2>Assistance personnalis\u00e9e \u00e0 l&#039;immigration aux \u00c9tats-Unis<\/h2>\n<p>Nous sommes sp\u00e9cialis\u00e9s dans l&#039;accompagnement des particuliers et des entreprises pour comprendre les lois am\u00e9ricaines sur l&#039;immigration gr\u00e2ce \u00e0 des solutions sur mesure. Que vous ayez besoin d&#039;aide pour <strong data-start=\"686\" data-end=\"725\">visas, permis de travail ou cartes vertes<\/strong>, nos avocats experts sont l\u00e0 pour vous guider.<\/p>\n<h2>Pourquoi choisir Silver Immigration?<\/h2>\n<ul>\n<li class=\"\" data-start=\"814\" data-end=\"850\">\n<p class=\"\" data-start=\"816\" data-end=\"850\"><strong>Consultation gratuite et sans engagement<\/strong><\/p>\n<\/li>\n<li class=\"\" data-start=\"851\" data-end=\"885\">\n<p class=\"\" data-start=\"853\" data-end=\"885\"><strong>Processus de r\u00e9servation simple et rapide<\/strong><\/p>\n<\/li>\n<li class=\"\" data-start=\"886\" data-end=\"944\">\n<p class=\"\" data-start=\"888\" data-end=\"944\"><strong>Obtenez des r\u00e9ponses \u00e0 toutes vos questions aupr\u00e8s d&#039;avocats exp\u00e9riment\u00e9s<\/strong><\/p>\n<\/li>\n<li class=\"\" data-start=\"945\" data-end=\"1002\">\n<p class=\"\" data-start=\"947\" data-end=\"1002\"><strong>D\u00e9di\u00e9 \u00e0 vous aider \u00e0 atteindre vos objectifs d&#039;immigration<\/strong><\/p>\n<\/li>\n<\/ul>\n<h2>R\u00e9servez votre consultation gratuite aujourd&#039;hui<\/h2>\n<p class=\"\" data-start=\"1048\" data-end=\"1207\">Faites le premier pas vers un parcours d\u2019immigration r\u00e9ussi. <strong data-start=\"1109\" data-end=\"1148\">Planifiez votre consultation gratuite maintenant<\/strong>, et laissez-nous vous aider \u00e0 traverser le processus en toute confiance\u00a0!<\/p>\n\n\t\t<\/div>\n\t<\/div>\n<div class=\"vc_empty_space\"   style=\"height: 60px\"><span class=\"vc_empty_space_inner\"><\/span><\/div><\/div><\/div><\/div><\/div><div class=\"vc_row-full-width vc_clearfix\"><\/div><div data-vc-full-width=\"true\" data-vc-full-width-init=\"false\" data-vc-stretch-content=\"true\" class=\"vc_row wpb_row vc_row-fluid vc_column-gap-20 vc_row-no-padding vc_row-o-equal-height vc_row-flex\"><div class=\"wpb_column vc_column_container vc_col-sm-6\"><div class=\"vc_column-inner vc_custom_1538908117168\"><div class=\"wpb_wrapper\"><div class=\"wpb_gmaps_widget wpb_content_element\"><div class=\"wpb_wrapper\"><div class=\"wpb_map_wraper\"><iframe src=\"https:\/\/www.google.com\/maps\/embed?pb=!1m14!1m8!1m3!1d11190.491628166737!2d-73.5993532!3d45.4773997!3m2!1i1024!2i768!4f13.1!3m3!1m2!1s0x4cce054b54cc7f35%3A0xc746fc1332f61a6b!2sSilver%20Immigration%20-%20US%20Immigration%20Lawyer%20Montreal!5e0!3m2!1sen!2sca!4v1701190976158!5m2!1sen!2sca\" width=\"600\" height=\"450\" style=\"border:0;\" allowfullscreen=\"\" loading=\"lazy\" referrerpolicy=\"no-referrer-when-downgrade\"><\/iframe><\/div><\/div><\/div><\/div><\/div><\/div><div class=\"wpb_column vc_column_container vc_col-sm-6\"><div class=\"vc_column-inner vc_custom_1691165623932\"><div class=\"wpb_wrapper\"><div class=\"wpb_gmaps_widget wpb_content_element\"><div class=\"wpb_wrapper\"><div class=\"wpb_map_wraper\"><iframe src=\"https:\/\/www.google.com\/maps\/embed?pb=!1m18!1m12!1m3!1d2800.194451567992!2d-75.6953144!3d45.4255814!2m3!1f0!2f0!3f0!3m2!1i1024!2i768!4f13.1!3m3!1m2!1s0x4cce04fe3c7f6ddf%3A0x3cf4a182d1757fbc!2s1%20Rideau%20St%20Suite%20%23700%2C%20Ottawa%2C%20ON%20K1A%200A6%2C%20Canada!5e0!3m2!1sen!2s!4v1691164987479!5m2!1sen!2s\" width=\"600\" height=\"450\" style=\"border:0;\" allowfullscreen=\"\" loading=\"lazy\" referrerpolicy=\"no-referrer-when-downgrade\"><\/iframe><\/div><\/div><\/div><\/div><\/div><\/div><\/div><div class=\"vc_row-full-width vc_clearfix\"><\/div>\n<\/div>","protected":false},"excerpt":{"rendered":"Contact Silver Immigration \u2013 Get Expert Guidance Free Consultation \u2013 Quick &amp; Easy Process Booking a consultation with us is simple and hassle-free. Use our online calendar to select a time that works for you. Once booked, call us at your scheduled time for a free consultation and get all your immigration questions answered. Personalized [...]","protected":false},"author":138432323,"featured_media":0,"parent":0,"menu_order":0,"comment_status":"closed","ping_status":"closed","template":"","meta":{"footnotes":""},"class_list":["post-1449","page","type-page","status-publish","hentry"],"yoast_head":"<!-- This site is optimized with the Yoast SEO Premium plugin v24.8 (Yoast SEO v27.5) - https:\/\/yoast.com\/product\/yoast-seo-premium-wordpress\/ -->\n<title>Free U.S. Visa Consultation | Silver Immigration<\/title>\n<meta name=\"description\" content=\"Schedule a free consultation with our U.S. immigration attorney in Montreal or Ottawa. Get personalized advice on your visa or green card case today.\" \/>\n<meta name=\"robots\" content=\"index, follow, max-snippet:-1, max-image-preview:large, max-video-preview:-1\" \/>\n<link rel=\"canonical\" href=\"https:\/\/silverimmigration.com\/fr\/contact\/\" \/>\n<meta name=\"twitter:card\" content=\"summary_large_image\" \/>\n<meta name=\"twitter:title\" content=\"Free U.S. Visa Consultation | Silver Immigration\" \/>\n<meta name=\"twitter:description\" content=\"Schedule a free consultation with our U.S. immigration attorney in Montreal or Ottawa. Get personalized advice on your visa or green card case today.\" \/>\n<meta name=\"twitter:site\" content=\"@SilverImm\" \/>\n<meta name=\"twitter:label1\" content=\"Estimation du temps de lecture\" \/>\n\t<meta name=\"twitter:data1\" content=\"2 minutes\" \/>\n<script type=\"application\/ld+json\" class=\"yoast-schema-graph\">{\"@context\":\"https:\\\/\\\/schema.org\",\"@graph\":[{\"@type\":\"WebPage\",\"@id\":\"https:\\\/\\\/silverimmigration.com\\\/contact\\\/\",\"url\":\"https:\\\/\\\/silverimmigration.com\\\/contact\\\/\",\"name\":\"Free U.S. Visa Consultation | Silver Immigration\",\"isPartOf\":{\"@id\":\"https:\\\/\\\/silverimmigration.com\\\/en\\\/#website\"},\"datePublished\":\"2019-01-24T12:00:07+00:00\",\"dateModified\":\"2026-04-28T16:19:12+00:00\",\"description\":\"Schedule a free consultation with our U.S. immigration attorney in Montreal or Ottawa. Get personalized advice on your visa or green card case today.\",\"breadcrumb\":{\"@id\":\"https:\\\/\\\/silverimmigration.com\\\/contact\\\/#breadcrumb\"},\"inLanguage\":\"fr-CA\",\"potentialAction\":[{\"@type\":\"ReadAction\",\"target\":[\"https:\\\/\\\/silverimmigration.com\\\/contact\\\/\"]}]},{\"@type\":\"BreadcrumbList\",\"@id\":\"https:\\\/\\\/silverimmigration.com\\\/contact\\\/#breadcrumb\",\"itemListElement\":[{\"@type\":\"ListItem\",\"position\":1,\"name\":\"Home\",\"item\":\"https:\\\/\\\/silverimmigration.com\\\/\"},{\"@type\":\"ListItem\",\"position\":2,\"name\":\"Contact\"}]},{\"@type\":\"WebSite\",\"@id\":\"https:\\\/\\\/silverimmigration.com\\\/en\\\/#website\",\"url\":\"https:\\\/\\\/silverimmigration.com\\\/en\\\/\",\"name\":\"US Immigration Lawyer | Montreal &amp; Ottawa\",\"description\":\"\",\"potentialAction\":[{\"@type\":\"SearchAction\",\"target\":{\"@type\":\"EntryPoint\",\"urlTemplate\":\"https:\\\/\\\/silverimmigration.com\\\/en\\\/?s={search_term_string}\"},\"query-input\":{\"@type\":\"PropertyValueSpecification\",\"valueRequired\":true,\"valueName\":\"search_term_string\"}}],\"inLanguage\":\"fr-CA\"}]}<\/script>\n<!-- \/ Yoast SEO Premium plugin. -->","yoast_head_json":{"title":"Consultation gratuite pour l&#039;immigration am\u00e9ricaine | Silver Immigration","description":"Prenez rendez-vous pour une consultation gratuite avec notre avocat sp\u00e9cialis\u00e9 en immigration am\u00e9ricaine \u00e0 Montr\u00e9al ou \u00e0 Ottawa. Obtenez d\u00e8s aujourd&#039;hui des conseils personnalis\u00e9s concernant votre demande de visa ou de carte verte.","robots":{"index":"index","follow":"follow","max-snippet":"max-snippet:-1","max-image-preview":"max-image-preview:large","max-video-preview":"max-video-preview:-1"},"canonical":"https:\/\/silverimmigration.com\/fr\/contact\/","twitter_card":"summary_large_image","twitter_title":"Free U.S. Visa Consultation | Silver Immigration","twitter_description":"Schedule a free consultation with our U.S. immigration attorney in Montreal or Ottawa. Get personalized advice on your visa or green card case today.","twitter_site":"@SilverImm","twitter_misc":{"Estimation du temps de lecture":"2 minutes"},"schema":{"@context":"https:\/\/schema.org","@graph":[{"@type":"WebPage","@id":"https:\/\/silverimmigration.com\/contact\/","url":"https:\/\/silverimmigration.com\/contact\/","name":"Consultation gratuite pour l&#039;immigration am\u00e9ricaine | Silver Immigration","isPartOf":{"@id":"https:\/\/silverimmigration.com\/en\/#website"},"datePublished":"2019-01-24T12:00:07+00:00","dateModified":"2026-04-28T16:19:12+00:00","description":"Prenez rendez-vous pour une consultation gratuite avec notre avocat sp\u00e9cialis\u00e9 en immigration am\u00e9ricaine \u00e0 Montr\u00e9al ou \u00e0 Ottawa. Obtenez d\u00e8s aujourd&#039;hui des conseils personnalis\u00e9s concernant votre demande de visa ou de carte verte.","breadcrumb":{"@id":"https:\/\/silverimmigration.com\/contact\/#breadcrumb"},"inLanguage":"fr-CA","potentialAction":[{"@type":"ReadAction","target":["https:\/\/silverimmigration.com\/contact\/"]}]},{"@type":"BreadcrumbList","@id":"https:\/\/silverimmigration.com\/contact\/#breadcrumb","itemListElement":[{"@type":"ListItem","position":1,"name":"Home","item":"https:\/\/silverimmigration.com\/"},{"@type":"ListItem","position":2,"name":"Contact"}]},{"@type":"WebSite","@id":"https:\/\/silverimmigration.com\/en\/#website","url":"https:\/\/silverimmigration.com\/en\/","name":"Avocat en immigration aux \u00c9tats-Unis | Montr\u00e9al et Ottawa","description":"","potentialAction":[{"@type":"SearchAction","target":{"@type":"EntryPoint","urlTemplate":"https:\/\/silverimmigration.com\/en\/?s={search_term_string}"},"query-input":{"@type":"PropertyValueSpecification","valueRequired":true,"valueName":"search_term_string"}}],"inLanguage":"fr-CA"}]}},"jetpack_likes_enabled":false,"jetpack_sharing_enabled":true,"jetpack_shortlink":"https:\/\/wp.me\/PaTZWy-nn","amp_enabled":true,"_links":{"self":[{"href":"https:\/\/silverimmigration.com\/fr\/wp-json\/wp\/v2\/pages\/1449","targetHints":{"allow":["GET"]}}],"collection":[{"href":"https:\/\/silverimmigration.com\/fr\/wp-json\/wp\/v2\/pages"}],"about":[{"href":"https:\/\/silverimmigration.com\/fr\/wp-json\/wp\/v2\/types\/page"}],"author":[{"embeddable":true,"href":"https:\/\/silverimmigration.com\/fr\/wp-json\/wp\/v2\/users\/138432323"}],"replies":[{"embeddable":true,"href":"https:\/\/silverimmigration.com\/fr\/wp-json\/wp\/v2\/comments?post=1449"}],"version-history":[{"count":57,"href":"https:\/\/silverimmigration.com\/fr\/wp-json\/wp\/v2\/pages\/1449\/revisions"}],"predecessor-version":[{"id":5190,"href":"https:\/\/silverimmigration.com\/fr\/wp-json\/wp\/v2\/pages\/1449\/revisions\/5190"}],"wp:attachment":[{"href":"https:\/\/silverimmigration.com\/fr\/wp-json\/wp\/v2\/media?parent=1449"}],"curies":[{"name":"wp","href":"https:\/\/api.w.org\/{rel}","templated":true}]}}