{"id":2454,"date":"2019-05-06T15:48:34","date_gmt":"2019-05-06T15:48:34","guid":{"rendered":"https:\/\/silverimmigration.com\/?page_id=2454"},"modified":"2024-11-27T12:57:37","modified_gmt":"2024-11-27T12:57:37","slug":"legal-notices","status":"publish","type":"page","link":"https:\/\/silverimmigration.com\/fr\/legal-notices\/","title":{"rendered":"Mentions l\u00e9gales"},"content":{"rendered":"<div class=\"wpb-content-wrapper\"><div class=\"vc_row wpb_row vc_row-fluid\"><div class=\"wpb_column vc_column_container vc_col-sm-12\"><div class=\"vc_column-inner\"><div class=\"wpb_wrapper\"><h2 style=\"font-size: 18px;color: #000000;line-height: 2;text-align: left;font-family:Lato;font-weight:400;font-style:normal\" class=\"vc_custom_heading vc_do_custom_heading\" >Silver Immigration fait des efforts consid\u00e9rables pour assurer la qualit\u00e9 des renseignements de son site Web. L\u2019entreprise ne garantit aucunement la v\u00e9racit\u00e9 ou l\u2019int\u00e9gralit\u00e9 des renseignements de son site Web. Les renseignements du site Web sont fournis \u00e0 des fins informatives. Aucun renseignement contenu sur le site Web silverimmigration.com ne sera consid\u00e9r\u00e9 comme fournissant des conseils l\u00e9gaux pour tout sujet pr\u00e9cis. Ce site Web n\u2019a pas pour objectif de fournir des conseils juridiques, ainsi, il ne cr\u00e9e aucune relation avocat-client. Les utilisateurs sont responsables d\u2019obtenir un avis juridique d\u2019une personne qualifi\u00e9e, au besoin. Silver Immigration d\u00e9cline express\u00e9ment toute responsabilit\u00e9 quant aux actions entreprises ou non relatives au contenu de ce site Web.<br \/>\nTous les droits, y compris les droits d\u2019auteur, du contenu du site silverimmigration.com sont la propri\u00e9t\u00e9 et sont sous le contr\u00f4le de Silver Immigration.<br \/>\nCe site Web n\u2019est pas commandit\u00e9 ou associ\u00e9 \u00e0 un particulier li\u00e9 \u00e0 une entit\u00e9 particuli\u00e8re, sauf indication contraire. L\u2019existence d\u2019un lien particulier n\u2019a pour seul but que de fournir des renseignements aux utilisateurs. Silver Immigration n\u2019assume aucune responsabilit\u00e9 quant au contenu ou \u00e0 l\u2019exactitude des renseignements contenus sur un site li\u00e9.<\/h2><\/div><\/div><\/div><\/div>\n<\/div>","protected":false},"excerpt":{"rendered":"Silver Immigration makes reasonable effort to ensure the quality of the information on its website. Silver Immigration does not guarantee the accuracy or completeness of the information on its website. The information contained within the website is provided for general information purposes. Nothing contained on silverimmigration.com is to be considered as rendering legal advice for [...]","protected":false},"author":138432323,"featured_media":0,"parent":0,"menu_order":0,"comment_status":"closed","ping_status":"closed","template":"","meta":{"footnotes":""},"class_list":["post-2454","page","type-page","status-publish","hentry"],"yoast_head":"<!-- This site is optimized with the Yoast SEO Premium plugin v24.8 (Yoast SEO v27.4) - https:\/\/yoast.com\/product\/yoast-seo-premium-wordpress\/ -->\n<title>Important Immigration law Information | Montreal &amp; Ottawa<\/title>\n<meta name=\"description\" content=\"Discover our commitment to providing accurate information. Learn about our legal disclaimers and how they protect both you and Silver Immigration.\" \/>\n<meta name=\"robots\" content=\"index, follow, max-snippet:-1, max-image-preview:large, max-video-preview:-1\" \/>\n<link rel=\"canonical\" href=\"https:\/\/silverimmigration.com\/fr\/legal-notices\/\" \/>\n<meta name=\"twitter:card\" content=\"summary_large_image\" \/>\n<meta name=\"twitter:title\" content=\"Important Immigration law Information | Montreal &amp; Ottawa\" \/>\n<meta name=\"twitter:description\" content=\"Discover our commitment to providing accurate information. Learn about our legal disclaimers and how they protect both you and Silver Immigration.\" \/>\n<meta name=\"twitter:site\" content=\"@SilverImm\" \/>\n<meta name=\"twitter:label1\" content=\"Estimation du temps de lecture\" \/>\n\t<meta name=\"twitter:data1\" content=\"1 minute\" \/>\n<script type=\"application\/ld+json\" class=\"yoast-schema-graph\">{\"@context\":\"https:\\\/\\\/schema.org\",\"@graph\":[{\"@type\":\"WebPage\",\"@id\":\"https:\\\/\\\/silverimmigration.com\\\/legal-notices\\\/\",\"url\":\"https:\\\/\\\/silverimmigration.com\\\/legal-notices\\\/\",\"name\":\"Important Immigration law Information | Montreal & Ottawa\",\"isPartOf\":{\"@id\":\"https:\\\/\\\/silverimmigration.com\\\/en\\\/#website\"},\"datePublished\":\"2019-05-06T15:48:34+00:00\",\"dateModified\":\"2024-11-27T12:57:37+00:00\",\"description\":\"Discover our commitment to providing accurate information. Learn about our legal disclaimers and how they protect both you and Silver Immigration.\",\"breadcrumb\":{\"@id\":\"https:\\\/\\\/silverimmigration.com\\\/legal-notices\\\/#breadcrumb\"},\"inLanguage\":\"fr-CA\",\"potentialAction\":[{\"@type\":\"ReadAction\",\"target\":[\"https:\\\/\\\/silverimmigration.com\\\/legal-notices\\\/\"]}]},{\"@type\":\"BreadcrumbList\",\"@id\":\"https:\\\/\\\/silverimmigration.com\\\/legal-notices\\\/#breadcrumb\",\"itemListElement\":[{\"@type\":\"ListItem\",\"position\":1,\"name\":\"Home\",\"item\":\"https:\\\/\\\/silverimmigration.com\\\/\"},{\"@type\":\"ListItem\",\"position\":2,\"name\":\"Legal Notices\"}]},{\"@type\":\"WebSite\",\"@id\":\"https:\\\/\\\/silverimmigration.com\\\/en\\\/#website\",\"url\":\"https:\\\/\\\/silverimmigration.com\\\/en\\\/\",\"name\":\"US Immigration Lawyer | Montreal &amp; Ottawa\",\"description\":\"\",\"potentialAction\":[{\"@type\":\"SearchAction\",\"target\":{\"@type\":\"EntryPoint\",\"urlTemplate\":\"https:\\\/\\\/silverimmigration.com\\\/en\\\/?s={search_term_string}\"},\"query-input\":{\"@type\":\"PropertyValueSpecification\",\"valueRequired\":true,\"valueName\":\"search_term_string\"}}],\"inLanguage\":\"fr-CA\"}]}<\/script>\n<!-- \/ Yoast SEO Premium plugin. -->","yoast_head_json":{"title":"Informations sur la loi sur l'immigration | Silver Immigration","description":"D\u00e9couvrez notre engagement \u00e0 fournir des informations exactes. D\u00e9couvrez nos mentions l\u00e9gales et comment elles vous prot\u00e8gent, vous et Silver Immigration.","robots":{"index":"index","follow":"follow","max-snippet":"max-snippet:-1","max-image-preview":"max-image-preview:large","max-video-preview":"max-video-preview:-1"},"canonical":"https:\/\/silverimmigration.com\/fr\/legal-notices\/","twitter_card":"summary_large_image","twitter_title":"Important Immigration law Information | Montreal & Ottawa","twitter_description":"Discover our commitment to providing accurate information. Learn about our legal disclaimers and how they protect both you and Silver Immigration.","twitter_site":"@SilverImm","twitter_misc":{"Estimation du temps de lecture":"1 minute"},"schema":{"@context":"https:\/\/schema.org","@graph":[{"@type":"WebPage","@id":"https:\/\/silverimmigration.com\/legal-notices\/","url":"https:\/\/silverimmigration.com\/legal-notices\/","name":"Informations sur la loi sur l'immigration | Silver Immigration","isPartOf":{"@id":"https:\/\/silverimmigration.com\/en\/#website"},"datePublished":"2019-05-06T15:48:34+00:00","dateModified":"2024-11-27T12:57:37+00:00","description":"D\u00e9couvrez notre engagement \u00e0 fournir des informations exactes. D\u00e9couvrez nos mentions l\u00e9gales et comment elles vous prot\u00e8gent, vous et Silver Immigration.","breadcrumb":{"@id":"https:\/\/silverimmigration.com\/legal-notices\/#breadcrumb"},"inLanguage":"fr-CA","potentialAction":[{"@type":"ReadAction","target":["https:\/\/silverimmigration.com\/legal-notices\/"]}]},{"@type":"BreadcrumbList","@id":"https:\/\/silverimmigration.com\/legal-notices\/#breadcrumb","itemListElement":[{"@type":"ListItem","position":1,"name":"Home","item":"https:\/\/silverimmigration.com\/"},{"@type":"ListItem","position":2,"name":"Legal Notices"}]},{"@type":"WebSite","@id":"https:\/\/silverimmigration.com\/en\/#website","url":"https:\/\/silverimmigration.com\/en\/","name":"Avocat en immigration aux \u00c9tats-Unis | Montr\u00e9al et Ottawa","description":"","potentialAction":[{"@type":"SearchAction","target":{"@type":"EntryPoint","urlTemplate":"https:\/\/silverimmigration.com\/en\/?s={search_term_string}"},"query-input":{"@type":"PropertyValueSpecification","valueRequired":true,"valueName":"search_term_string"}}],"inLanguage":"fr-CA"}]}},"jetpack_likes_enabled":false,"jetpack_sharing_enabled":true,"jetpack_shortlink":"https:\/\/wp.me\/PaTZWy-DA","amp_enabled":true,"_links":{"self":[{"href":"https:\/\/silverimmigration.com\/fr\/wp-json\/wp\/v2\/pages\/2454","targetHints":{"allow":["GET"]}}],"collection":[{"href":"https:\/\/silverimmigration.com\/fr\/wp-json\/wp\/v2\/pages"}],"about":[{"href":"https:\/\/silverimmigration.com\/fr\/wp-json\/wp\/v2\/types\/page"}],"author":[{"embeddable":true,"href":"https:\/\/silverimmigration.com\/fr\/wp-json\/wp\/v2\/users\/138432323"}],"replies":[{"embeddable":true,"href":"https:\/\/silverimmigration.com\/fr\/wp-json\/wp\/v2\/comments?post=2454"}],"version-history":[{"count":6,"href":"https:\/\/silverimmigration.com\/fr\/wp-json\/wp\/v2\/pages\/2454\/revisions"}],"predecessor-version":[{"id":2460,"href":"https:\/\/silverimmigration.com\/fr\/wp-json\/wp\/v2\/pages\/2454\/revisions\/2460"}],"wp:attachment":[{"href":"https:\/\/silverimmigration.com\/fr\/wp-json\/wp\/v2\/media?parent=2454"}],"curies":[{"name":"wp","href":"https:\/\/api.w.org\/{rel}","templated":true}]}}